{"id":20917,"date":"2023-02-23T18:59:42","date_gmt":"2023-02-23T17:59:42","guid":{"rendered":"https:\/\/facilevelo.fr\/?page_id=20917"},"modified":"2023-02-24T09:26:09","modified_gmt":"2023-02-24T08:26:09","slug":"montage-de-velos-a-la-carte","status":"publish","type":"page","link":"https:\/\/facilevelo.fr\/index.php\/montage-de-velos-a-la-carte\/","title":{"rendered":"Montage de v\u00e9los \u00e0 la carte"},"content":{"rendered":"<p>[vc_row row_type=\u00a0\u00bbrow\u00a0\u00bb type=\u00a0\u00bbfull_width\u00a0\u00bb text_align=\u00a0\u00bbleft\u00a0\u00bb video=\u00a0\u00bb\u00a0\u00bb css_animation=\u00a0\u00bb\u00a0\u00bb][vc_column][vc_column_text]Nous proposons des montages \u00e0 la carte pour toutes pratiques et tous budgets.<\/p>\n<p>Arriv\u00e9 \u00e0 un certains niveau de pratique\/ d&rsquo;exigence dans une \u00ab\u00a0vie\u00a0\u00bb cycliste il peut devenir difficile de trouver son bonheur avec un v\u00e9lo dit \u00ab\u00a0de catalogue\u00a0\u00bb. On trouve toujours quelque chose \u00e0 redire, le groupe qui ne nous convient pas, les freins qui ne nous convienne pas. On verrait une autre paire de roues, un choix de p\u00e9riph\u00e9riques plus haut de gamme.<\/p>\n<p>C&rsquo;est la que le montage \u00e0 la carte intervient, vous nous sollicitez avec un cahier des charges complet ou non: budget, besoins, pratique, pr\u00e9f\u00e9rence pour certaines pi\u00e8ces.<\/p>\n<p>Nous revenons vers vous avec une proposition de devis<\/p>\n<p>Nous travaillons comme base avec des cadres Sobre, Brother, Surly, EXS mais restons cependant ouvert \u00e0 toute autre proposition. Nous travaillons aussi r\u00e9guli\u00e8rement avec les cycles affranchis, Germain fabrique des cadre sur mesure et nous pouvons effectuer le montage autour de ces cadres.<\/p>\n<p>Concernant les roues nous montons soit des roues \u00e0 la carte, soit des roues compl\u00e8tes de chez Hope, DT swiss, Velox, XLC, &#8230;.<\/p>\n<p>Pour les p\u00e9riph\u00e9riques nous avons le choix et diff\u00e9rentes gammes: UNO, Ergotec, Ritchey, Deda, &#8230;<\/p>\n<p>Pour les groupes nous avons acc\u00e8s \u00e0 toute l&rsquo;offre du march\u00e9: Shimano, Sram, Campagnolo avec aussi la possibilit\u00e9 de monter des p\u00e9daliers FSA ou autre.<\/p>\n<p>&nbsp;<\/p>\n<p>En choisissant de monter un v\u00e9lo \u00e0 la carte chez Facile V\u00e9lo vous b\u00e9n\u00e9ficiez de nos conseils pour le choix des pi\u00e8ces afin d&rsquo;avoir un montage coh\u00e9rent et correspondant le plus possible \u00e0 votre pratique et votre budget. De plus vous b\u00e9n\u00e9ficiez de notre expertise technique pour l&rsquo;assemblage\/r\u00e9glage du v\u00e9lo.<\/p>\n<p>Pour finir bien entendu le service ne s&rsquo;arr\u00eate pas une fois votre monture r\u00e9cup\u00e9r\u00e9e, Facile sera la pour continuer \u00e0 vous accompagner pour l&rsquo;entretien et la r\u00e9paration de votre v\u00e9lo.[\/vc_column_text][\/vc_column][\/vc_row]<\/p>\n","protected":false},"excerpt":{"rendered":"<p>[vc_row row_type=\u00a0\u00bbrow\u00a0\u00bb type=\u00a0\u00bbfull_width\u00a0\u00bb text_align=\u00a0\u00bbleft\u00a0\u00bb video=\u00a0\u00bb\u00a0\u00bb css_animation=\u00a0\u00bb\u00a0\u00bb][vc_column][vc_column_text]Nous proposons des montages \u00e0 la carte pour toutes pratiques et tous budgets. Arriv\u00e9 \u00e0 un certains niveau de pratique\/ d&rsquo;exigence dans une \u00ab\u00a0vie\u00a0\u00bb cycliste il peut devenir difficile de trouver son bonheur avec un v\u00e9lo dit \u00ab\u00a0de catalogue\u00a0\u00bb. On&#8230;<\/p>\n","protected":false},"author":1,"featured_media":0,"parent":0,"menu_order":0,"comment_status":"closed","ping_status":"closed","template":"","meta":{"advgb_blocks_editor_width":"","advgb_blocks_columns_visual_guide":"","footnotes":""},"class_list":["post-20917","page","type-page","status-publish","hentry"],"coauthors":[],"author_meta":{"author_link":"https:\/\/facilevelo.fr\/index.php\/author\/admin2493\/","display_name":"admin2493"},"relative_dates":{"created":"Publi\u00e9 3 ans il y a","modified":"Mis \u00e0 jour 3 ans il y a"},"absolute_dates":{"created":"Publi\u00e9 le 23 f\u00e9vrier 2023","modified":"Mise \u00e0 jour le 24 f\u00e9vrier 2023"},"absolute_dates_time":{"created":"Publi\u00e9 le 23 f\u00e9vrier 2023 18 h 59 min","modified":"Mise \u00e0 jour le 24 f\u00e9vrier 2023 9 h 26 min"},"featured_img_caption":"","featured_img":false,"series_order":"","_links":{"self":[{"href":"https:\/\/facilevelo.fr\/index.php\/wp-json\/wp\/v2\/pages\/20917","targetHints":{"allow":["GET"]}}],"collection":[{"href":"https:\/\/facilevelo.fr\/index.php\/wp-json\/wp\/v2\/pages"}],"about":[{"href":"https:\/\/facilevelo.fr\/index.php\/wp-json\/wp\/v2\/types\/page"}],"author":[{"embeddable":true,"href":"https:\/\/facilevelo.fr\/index.php\/wp-json\/wp\/v2\/users\/1"}],"replies":[{"embeddable":true,"href":"https:\/\/facilevelo.fr\/index.php\/wp-json\/wp\/v2\/comments?post=20917"}],"version-history":[{"count":3,"href":"https:\/\/facilevelo.fr\/index.php\/wp-json\/wp\/v2\/pages\/20917\/revisions"}],"predecessor-version":[{"id":21319,"href":"https:\/\/facilevelo.fr\/index.php\/wp-json\/wp\/v2\/pages\/20917\/revisions\/21319"}],"wp:attachment":[{"href":"https:\/\/facilevelo.fr\/index.php\/wp-json\/wp\/v2\/media?parent=20917"}],"curies":[{"name":"wp","href":"https:\/\/api.w.org\/{rel}","templated":true}]}}